{"id":1286,"date":"2024-01-02T06:37:57","date_gmt":"2024-01-02T06:37:57","guid":{"rendered":"http:\/\/carlos.digiwox.eu\/?page_id=1286"},"modified":"2024-01-12T08:07:31","modified_gmt":"2024-01-12T08:07:31","slug":"zubehor-2","status":"publish","type":"page","link":"https:\/\/carlos.digiwox.eu\/index.php\/zubehor-2\/","title":{"rendered":"Zubeh\u00f6r"},"content":{"rendered":"\t\t<div data-elementor-type=\"wp-page\" data-elementor-id=\"1286\" class=\"elementor elementor-1286\" data-elementor-post-type=\"page\">\n\t\t\t\t\t\t\t\t\t<section class=\"elementor-section elementor-top-section elementor-element elementor-element-596135ed elementor-section-height-min-height elementor-section-boxed elementor-section-height-default elementor-section-items-middle\" data-id=\"596135ed\" data-element_type=\"section\" data-settings=\"{&quot;background_background&quot;:&quot;classic&quot;}\">\n\t\t\t\t\t\t\t<div class=\"elementor-background-overlay\"><\/div>\n\t\t\t\t\t\t\t<div class=\"elementor-container elementor-column-gap-default\">\n\t\t\t\t\t<div class=\"elementor-column elementor-col-100 elementor-top-column elementor-element elementor-element-5fe54c8f\" data-id=\"5fe54c8f\" data-element_type=\"column\">\n\t\t\t<div class=\"elementor-widget-wrap elementor-element-populated\">\n\t\t\t\t\t\t\t\t<div class=\"elementor-element elementor-element-533aec08 elementor-widget elementor-widget-heading\" data-id=\"533aec08\" data-element_type=\"widget\" data-widget_type=\"heading.default\">\n\t\t\t\t<div class=\"elementor-widget-container\">\n\t\t\t<style>\/*! elementor - v3.18.0 - 08-12-2023 *\/\n.elementor-heading-title{padding:0;margin:0;line-height:1}.elementor-widget-heading .elementor-heading-title[class*=elementor-size-]>a{color:inherit;font-size:inherit;line-height:inherit}.elementor-widget-heading .elementor-heading-title.elementor-size-small{font-size:15px}.elementor-widget-heading .elementor-heading-title.elementor-size-medium{font-size:19px}.elementor-widget-heading .elementor-heading-title.elementor-size-large{font-size:29px}.elementor-widget-heading .elementor-heading-title.elementor-size-xl{font-size:39px}.elementor-widget-heading .elementor-heading-title.elementor-size-xxl{font-size:59px}<\/style><h2 class=\"elementor-heading-title elementor-size-default\">Ein eBike - viele M\u00f6glichkeiten<\/h2>\t\t<\/div>\n\t\t\t\t<\/div>\n\t\t\t\t\t<\/div>\n\t\t<\/div>\n\t\t\t\t\t\t\t<\/div>\n\t\t<\/section>\n\t\t\t\t<section class=\"elementor-section elementor-top-section elementor-element elementor-element-4cf8116 elementor-section-boxed elementor-section-height-default elementor-section-height-default\" data-id=\"4cf8116\" data-element_type=\"section\">\n\t\t\t\t\t\t<div class=\"elementor-container elementor-column-gap-default\">\n\t\t\t\t\t<div class=\"elementor-column elementor-col-100 elementor-top-column elementor-element elementor-element-db146c4\" data-id=\"db146c4\" data-element_type=\"column\">\n\t\t\t<div class=\"elementor-widget-wrap elementor-element-populated\">\n\t\t\t\t\t\t\t\t<div class=\"elementor-element elementor-element-f07c078 elementor-widget elementor-widget-heading\" data-id=\"f07c078\" data-element_type=\"widget\" data-widget_type=\"heading.default\">\n\t\t\t\t<div class=\"elementor-widget-container\">\n\t\t\t<h2 class=\"elementor-heading-title elementor-size-default\">Macht Dein Leben einfacher<\/h2>\t\t<\/div>\n\t\t\t\t<\/div>\n\t\t\t\t<div class=\"elementor-element elementor-element-b263a80 elementor-widget elementor-widget-text-editor\" data-id=\"b263a80\" data-element_type=\"widget\" data-widget_type=\"text-editor.default\">\n\t\t\t\t<div class=\"elementor-widget-container\">\n\t\t\t<style>\/*! elementor - v3.18.0 - 08-12-2023 *\/\n.elementor-widget-text-editor.elementor-drop-cap-view-stacked .elementor-drop-cap{background-color:#69727d;color:#fff}.elementor-widget-text-editor.elementor-drop-cap-view-framed .elementor-drop-cap{color:#69727d;border:3px solid;background-color:transparent}.elementor-widget-text-editor:not(.elementor-drop-cap-view-default) .elementor-drop-cap{margin-top:8px}.elementor-widget-text-editor:not(.elementor-drop-cap-view-default) .elementor-drop-cap-letter{width:1em;height:1em}.elementor-widget-text-editor .elementor-drop-cap{float:left;text-align:center;line-height:1;font-size:50px}.elementor-widget-text-editor .elementor-drop-cap-letter{display:inline-block}<\/style>\t\t\t\t<div class=\"elementor-element elementor-element-bc988eb elementor-widget elementor-widget-text-editor\" data-id=\"bc988eb\" data-element_type=\"widget\" data-widget_type=\"text-editor.default\"><div class=\"elementor-widget-container\"><div class=\"elementor-element elementor-element-a028944 elementor-widget elementor-widget-text-editor\" data-id=\"a028944\" data-element_type=\"widget\" data-widget_type=\"text-editor.default\"><div class=\"elementor-widget-container\"><p>Die CAR.LOS Modelle C und M erh\u00e4lt Du in zwei Ausstattungsvarianten: FULL oder BASIC. Mit der vollausgestatteten Variante FULL erwirbst Du nicht einfach nur ein eBike. Nein. Du erh\u00e4ltst viele Ebikes. Denn Du kannst Dein CAR.LOS in zahllosen Varianten kombinieren. Dank des umfangreichsten Serien-Zubeh\u00f6r. Ab Werk.\u00a0<\/p><p>Morgens auf dem schnellsten Weg zur Arbeit. Nachmittags zum Shopping in die City. Am Wochenende mit den Kids auf gro\u00dfe Tour. Und abends mit den Freunden noch kurz an den See. Was auch immer Du vor hast: mit dem serienm\u00e4\u00dfigem \u201eButler\u201c Fronttr\u00e4ger, dem \u201eCopilot\u201c-Hecksitz mit Easy-Entry Funktion, den Sitzkissen, der R\u00fcckenlehne und den Fu\u00dfrails alles kein Problem. Und wie m\u00f6chtest Du heute unterwegs sein?<\/p><\/div><\/div><\/div><\/div>\t\t\t\t\t\t<\/div>\n\t\t\t\t<\/div>\n\t\t\t\t\t<\/div>\n\t\t<\/div>\n\t\t\t\t\t\t\t<\/div>\n\t\t<\/section>\n\t\t\t\t<section class=\"elementor-section elementor-top-section elementor-element elementor-element-2ebe13b elementor-section-full_width elementor-section-height-default elementor-section-height-default\" data-id=\"2ebe13b\" data-element_type=\"section\" data-settings=\"{&quot;background_background&quot;:&quot;classic&quot;}\">\n\t\t\t\t\t\t<div class=\"elementor-container elementor-column-gap-default\">\n\t\t\t\t\t<div class=\"elementor-column elementor-col-100 elementor-top-column elementor-element elementor-element-a8e2cfc\" data-id=\"a8e2cfc\" data-element_type=\"column\">\n\t\t\t<div class=\"elementor-widget-wrap elementor-element-populated\">\n\t\t\t\t\t\t\t\t<section class=\"elementor-section elementor-inner-section elementor-element elementor-element-14ffb32 elementor-section-full_width elementor-section-height-default elementor-section-height-default\" data-id=\"14ffb32\" data-element_type=\"section\">\n\t\t\t\t\t\t<div class=\"elementor-container elementor-column-gap-default\">\n\t\t\t\t\t<div class=\"elementor-column elementor-col-100 elementor-inner-column elementor-element elementor-element-d25798d\" data-id=\"d25798d\" data-element_type=\"column\" data-settings=\"{&quot;background_background&quot;:&quot;classic&quot;}\">\n\t\t\t<div class=\"elementor-widget-wrap elementor-element-populated\">\n\t\t\t\t\t\t\t\t<div class=\"elementor-element elementor-element-e7b7e4c elementor-arrows-position-inside elementor-pagination-position-outside elementor-widget elementor-widget-image-carousel\" data-id=\"e7b7e4c\" data-element_type=\"widget\" data-settings=\"{&quot;image_spacing_custom&quot;:{&quot;unit&quot;:&quot;px&quot;,&quot;size&quot;:18,&quot;sizes&quot;:[]},&quot;slides_to_show&quot;:&quot;3&quot;,&quot;pause_on_hover&quot;:&quot;no&quot;,&quot;pause_on_interaction&quot;:&quot;no&quot;,&quot;autoplay_speed&quot;:1000,&quot;slides_to_show_mobile&quot;:&quot;1&quot;,&quot;navigation&quot;:&quot;both&quot;,&quot;autoplay&quot;:&quot;yes&quot;,&quot;infinite&quot;:&quot;yes&quot;,&quot;speed&quot;:500,&quot;image_spacing_custom_tablet&quot;:{&quot;unit&quot;:&quot;px&quot;,&quot;size&quot;:&quot;&quot;,&quot;sizes&quot;:[]}}\" data-widget_type=\"image-carousel.default\">\n\t\t\t\t<div class=\"elementor-widget-container\">\n\t\t\t<style>\/*! elementor - v3.18.0 - 08-12-2023 *\/\n.elementor-widget-image-carousel .swiper,.elementor-widget-image-carousel .swiper-container{position:static}.elementor-widget-image-carousel .swiper-container .swiper-slide figure,.elementor-widget-image-carousel .swiper .swiper-slide figure{line-height:inherit}.elementor-widget-image-carousel .swiper-slide{text-align:center}.elementor-image-carousel-wrapper:not(.swiper-container-initialized):not(.swiper-initialized) .swiper-slide{max-width:calc(100% \/ var(--e-image-carousel-slides-to-show, 3))}<\/style>\t\t<div class=\"elementor-image-carousel-wrapper swiper\" dir=\"ltr\">\n\t\t\t<div class=\"elementor-image-carousel swiper-wrapper\" aria-live=\"off\">\n\t\t\t\t\t\t\t\t<div class=\"swiper-slide\" role=\"group\" aria-roledescription=\"slide\" aria-label=\"1 of 16\"><figure class=\"swiper-slide-inner\"><img decoding=\"async\" class=\"swiper-slide-image\" src=\"https:\/\/carlos.digiwox.eu\/wp-content\/uploads\/2023\/12\/CARLOS-Radverkleidung-grau-scaled.jpg\" alt=\"Gro\u00dffl\u00e4chige Hinterrad-Verkleidung zum Schutz der Passagiere.\" \/><\/figure><\/div><div class=\"swiper-slide\" role=\"group\" aria-roledescription=\"slide\" aria-label=\"2 of 16\"><figure class=\"swiper-slide-inner\"><img decoding=\"async\" class=\"swiper-slide-image\" src=\"https:\/\/carlos.digiwox.eu\/wp-content\/uploads\/2023\/12\/CARLOS-Gepacktrager-3-scaled.jpg\" alt=\"Cargo Gep\u00e4cktr\u00e4ger beim CAR.LOS Modell M f\u00fcr bis zu 65 kg Zuladung.\" \/><\/figure><\/div><div class=\"swiper-slide\" role=\"group\" aria-roledescription=\"slide\" aria-label=\"3 of 16\"><figure class=\"swiper-slide-inner\"><img decoding=\"async\" class=\"swiper-slide-image\" src=\"https:\/\/carlos.digiwox.eu\/wp-content\/uploads\/2023\/12\/CARLOS-C1-Brose-Motor-grau-scaled.jpg\" alt=\"Starker und leiser BROSEE Drin T Mittelmotor.\" \/><\/figure><\/div><div class=\"swiper-slide\" role=\"group\" aria-roledescription=\"slide\" aria-label=\"4 of 16\"><figure class=\"swiper-slide-inner\"><img decoding=\"async\" class=\"swiper-slide-image\" src=\"https:\/\/carlos.digiwox.eu\/wp-content\/uploads\/2023\/12\/CARLOS-Vorbau-grau-scaled-e1704472800788.jpg\" alt=\"Winkelverstellbarer Vorbau beim CAR.LOS Modell C\" \/><\/figure><\/div><div class=\"swiper-slide\" role=\"group\" aria-roledescription=\"slide\" aria-label=\"5 of 16\"><figure class=\"swiper-slide-inner\"><img decoding=\"async\" class=\"swiper-slide-image\" src=\"https:\/\/carlos.digiwox.eu\/wp-content\/uploads\/2023\/12\/CARLOS-Stander-scaled.jpg\" alt=\"Breiter Doppelst\u00e4nder mit automatischer Arretierung-Funktion.\" \/><\/figure><\/div><div class=\"swiper-slide\" role=\"group\" aria-roledescription=\"slide\" aria-label=\"6 of 16\"><figure class=\"swiper-slide-inner\"><img decoding=\"async\" class=\"swiper-slide-image\" src=\"https:\/\/carlos.digiwox.eu\/wp-content\/uploads\/2023\/12\/CARLOS-Fusrails-grau-scaled.jpg\" alt=\"Stabile Fu\u00dfrails mit Anti-Rutsch- Beschichtung.\" \/><\/figure><\/div><div class=\"swiper-slide\" role=\"group\" aria-roledescription=\"slide\" aria-label=\"7 of 16\"><figure class=\"swiper-slide-inner\"><img decoding=\"async\" class=\"swiper-slide-image\" src=\"https:\/\/carlos.digiwox.eu\/wp-content\/uploads\/2023\/12\/CARLOS-Frontlicht-grau-scaled.jpg\" alt=\"Helles Sate C7 Frontlicht mit OSRAM LED.\" \/><\/figure><\/div><div class=\"swiper-slide\" role=\"group\" aria-roledescription=\"slide\" aria-label=\"8 of 16\"><figure class=\"swiper-slide-inner\"><img decoding=\"async\" class=\"swiper-slide-image\" src=\"https:\/\/carlos.digiwox.eu\/wp-content\/uploads\/2023\/12\/CARLOS-Rucklicht-grau-scaled.jpg\" alt=\"Sat R\u00fccklicht mit breitem 220\u00b0 Abstrahlwinkel\" \/><\/figure><\/div><div class=\"swiper-slide\" role=\"group\" aria-roledescription=\"slide\" aria-label=\"9 of 16\"><figure class=\"swiper-slide-inner\"><img decoding=\"async\" class=\"swiper-slide-image\" src=\"https:\/\/carlos.digiwox.eu\/wp-content\/uploads\/2023\/11\/CARLOS-C1-Suntour-Fork-grau-scaled.jpg\" alt=\"Kr\u00e4ftig zupackend und perfekt zu dosierend MAGURA MT5 Schibnbremsen.\" \/><\/figure><\/div><div class=\"swiper-slide\" role=\"group\" aria-roledescription=\"slide\" aria-label=\"10 of 16\"><figure class=\"swiper-slide-inner\"><img decoding=\"async\" class=\"swiper-slide-image\" src=\"https:\/\/carlos.digiwox.eu\/wp-content\/uploads\/2023\/11\/CARLOS-Brose-Display-grau-scaled.jpg\" alt=\"Farbiges BROSE 1,5&quot; TFT Display\" \/><\/figure><\/div><div class=\"swiper-slide\" role=\"group\" aria-roledescription=\"slide\" aria-label=\"11 of 16\"><figure class=\"swiper-slide-inner\"><img decoding=\"async\" class=\"swiper-slide-image\" src=\"https:\/\/carlos.digiwox.eu\/wp-content\/uploads\/2023\/11\/CARLOS-C1-Folding-Stem-grau-scaled.jpg\" alt=\"Anfaltbare und h\u00f6henverstellbare Lenks\u00e4ule beim CAR.LOS Modell C\" \/><\/figure><\/div><div class=\"swiper-slide\" role=\"group\" aria-roledescription=\"slide\" aria-label=\"12 of 16\"><figure class=\"swiper-slide-inner\"><img decoding=\"async\" class=\"swiper-slide-image\" src=\"https:\/\/carlos.digiwox.eu\/wp-content\/uploads\/2023\/11\/CARLOS-C1-Front-rack-grau-scaled.jpg\" alt=\"Butler: rahmenfester Frontgep\u00e4ck-tr\u00e4ger f\u00fcr bis zu 20 kg Zuladung\" \/><\/figure><\/div><div class=\"swiper-slide\" role=\"group\" aria-roledescription=\"slide\" aria-label=\"13 of 16\"><figure class=\"swiper-slide-inner\"><img decoding=\"async\" class=\"swiper-slide-image\" src=\"https:\/\/carlos.digiwox.eu\/wp-content\/uploads\/2023\/11\/CARLOS-Enviolo-shifter-grau-scaled.jpg\" alt=\"Stufenlose Enviolo Schaltung mit manuellem Drehgriff\" \/><\/figure><\/div><div class=\"swiper-slide\" role=\"group\" aria-roledescription=\"slide\" aria-label=\"14 of 16\"><figure class=\"swiper-slide-inner\"><img decoding=\"async\" class=\"swiper-slide-image\" src=\"https:\/\/carlos.digiwox.eu\/wp-content\/uploads\/2023\/11\/CARLOS-Copilot-w-Cussions-grau-scaled.jpg\" alt=\"Copilot: mit Sitz- und R\u00fcckenkissen sowie Easy-Entry Funktion.\" \/><\/figure><\/div><div class=\"swiper-slide\" role=\"group\" aria-roledescription=\"slide\" aria-label=\"15 of 16\"><figure class=\"swiper-slide-inner\"><img decoding=\"async\" class=\"swiper-slide-image\" src=\"https:\/\/carlos.digiwox.eu\/wp-content\/uploads\/2023\/11\/CarLos-C1-Dual-Batterie-grau-scaled.jpg\" alt=\"Dual Akku mit 2x 522 Wh f\u00fcr gro\u00dfe\u2028Reichweiten\" \/><\/figure><\/div><div class=\"swiper-slide\" role=\"group\" aria-roledescription=\"slide\" aria-label=\"16 of 16\"><figure class=\"swiper-slide-inner\"><img decoding=\"async\" class=\"swiper-slide-image\" src=\"https:\/\/carlos.digiwox.eu\/wp-content\/uploads\/2023\/11\/CARLOS-C1-Rear-rack-grau-scaled.jpg\" alt=\"Schwerlast Rahmenheck beim CAR.LOS Modell M f\u00fcr bis zu 65 kg Zuladung.\" \/><\/figure><\/div>\t\t\t<\/div>\n\t\t\t\t\t\t\t\t\t\t\t\t<div class=\"elementor-swiper-button elementor-swiper-button-prev\" role=\"button\" tabindex=\"0\">\n\t\t\t\t\t\t<svg aria-hidden=\"true\" class=\"e-font-icon-svg e-eicon-chevron-left\" viewBox=\"0 0 1000 1000\" xmlns=\"http:\/\/www.w3.org\/2000\/svg\"><path d=\"M646 125C629 125 613 133 604 142L308 442C296 454 292 471 292 487 292 504 296 521 308 533L604 854C617 867 629 875 646 875 663 875 679 871 692 858 704 846 713 829 713 812 713 796 708 779 692 767L438 487 692 225C700 217 708 204 708 187 708 171 704 154 692 142 675 129 663 125 646 125Z\"><\/path><\/svg>\t\t\t\t\t<\/div>\n\t\t\t\t\t<div class=\"elementor-swiper-button elementor-swiper-button-next\" role=\"button\" tabindex=\"0\">\n\t\t\t\t\t\t<svg aria-hidden=\"true\" class=\"e-font-icon-svg e-eicon-chevron-right\" viewBox=\"0 0 1000 1000\" xmlns=\"http:\/\/www.w3.org\/2000\/svg\"><path d=\"M696 533C708 521 713 504 713 487 713 471 708 454 696 446L400 146C388 133 375 125 354 125 338 125 325 129 313 142 300 154 292 171 292 187 292 204 296 221 308 233L563 492 304 771C292 783 288 800 288 817 288 833 296 850 308 863 321 871 338 875 354 875 371 875 388 867 400 854L696 533Z\"><\/path><\/svg>\t\t\t\t\t<\/div>\n\t\t\t\t\n\t\t\t\t\t\t\t\t\t<div class=\"swiper-pagination\"><\/div>\n\t\t\t\t\t\t\t\t\t<\/div>\n\t\t\t\t<\/div>\n\t\t\t\t<\/div>\n\t\t\t\t<div class=\"elementor-element elementor-element-4b45df6 elementor-widget elementor-widget-text-editor\" data-id=\"4b45df6\" data-element_type=\"widget\" data-widget_type=\"text-editor.default\">\n\t\t\t\t<div class=\"elementor-widget-container\">\n\t\t\t\t\t\t\t<div class=\"elementor-element elementor-element-bc988eb elementor-widget elementor-widget-text-editor\" data-id=\"bc988eb\" data-element_type=\"widget\" data-widget_type=\"text-editor.default\"><div class=\"elementor-widget-container\"><div class=\"elementor-element elementor-element-a028944 elementor-widget elementor-widget-text-editor\" data-id=\"a028944\" data-element_type=\"widget\" data-widget_type=\"text-editor.default\"><div class=\"elementor-widget-container\"><p>Was Du auch serienm\u00e4\u00dfig erh\u00e4ltst: ein frisches, modernes Design, pfiffige Detaill\u00f6sungen, German Engineering und hochwertigste Komponenten wie zum Beispiel den kraftvollen und ger\u00e4uscharmen Brose\u00ae Drive T Mittelmotor, die stufenlose Enviolo Getriebenabe, kraftvolle Magura Scheibenbremsen und helle LED Lichter vorne und hinten.<\/p><\/div><\/div><\/div><\/div>\t\t\t\t\t\t<\/div>\n\t\t\t\t<\/div>\n\t\t\t\t\t<\/div>\n\t\t<\/div>\n\t\t\t\t\t\t\t<\/div>\n\t\t<\/section>\n\t\t\t\t<div class=\"elementor-element elementor-element-19911b6 elementor-widget elementor-widget-html\" data-id=\"19911b6\" data-element_type=\"widget\" data-widget_type=\"html.default\">\n\t\t\t\t<div class=\"elementor-widget-container\">\n\t\t\t<script src=\"https:\/\/code.jquery.com\/jquery-3.6.0.min.js\"><\/script>\r\n<script>\r\n\/\/No Youtube Remake using this Snippet without Permission\r\n\/\/Copyrighted by Jim Fahad\r\nvar $ = jQuery\r\n$(document).ready(function(){\r\n    $('[data-showme]').on('click', function(){\r\n        var showme = $(this).attr('data-showme')\r\n        \r\n        $('.all-images').hide()\r\n        $('#' + showme).show()\r\n    })\r\n})\r\n<\/script>\t\t<\/div>\n\t\t\t\t<\/div>\n\t\t\t\t\t<\/div>\n\t\t<\/div>\n\t\t\t\t\t\t\t<\/div>\n\t\t<\/section>\n\t\t\t\t<section class=\"elementor-section elementor-top-section elementor-element elementor-element-3fc2f97d elementor-section-full_width elementor-section-height-default elementor-section-height-default\" data-id=\"3fc2f97d\" data-element_type=\"section\">\n\t\t\t\t\t\t<div class=\"elementor-container elementor-column-gap-default\">\n\t\t\t\t\t<div class=\"elementor-column elementor-col-25 elementor-top-column elementor-element elementor-element-5e72490b\" data-id=\"5e72490b\" data-element_type=\"column\">\n\t\t\t<div class=\"elementor-widget-wrap elementor-element-populated\">\n\t\t\t\t\t\t\t\t<div class=\"elementor-element elementor-element-10d0fb53 elementor-widget elementor-widget-image\" data-id=\"10d0fb53\" data-element_type=\"widget\" data-widget_type=\"image.default\">\n\t\t\t\t<div class=\"elementor-widget-container\">\n\t\t\t<style>\/*! elementor - v3.18.0 - 08-12-2023 *\/\n.elementor-widget-image{text-align:center}.elementor-widget-image a{display:inline-block}.elementor-widget-image a img[src$=\".svg\"]{width:48px}.elementor-widget-image img{vertical-align:middle;display:inline-block}<\/style>\t\t\t\t\t\t\t\t\t\t\t\t<img fetchpriority=\"high\" decoding=\"async\" width=\"800\" height=\"534\" src=\"https:\/\/carlos.digiwox.eu\/wp-content\/uploads\/2024\/01\/CARLOS-C1-no-accessories-green-1024x683.png\" class=\"attachment-large size-large wp-image-1364\" alt=\"\" srcset=\"https:\/\/carlos.digiwox.eu\/wp-content\/uploads\/2024\/01\/CARLOS-C1-no-accessories-green-1024x683.png 1024w, https:\/\/carlos.digiwox.eu\/wp-content\/uploads\/2024\/01\/CARLOS-C1-no-accessories-green-300x200.png 300w, https:\/\/carlos.digiwox.eu\/wp-content\/uploads\/2024\/01\/CARLOS-C1-no-accessories-green-768x512.png 768w, https:\/\/carlos.digiwox.eu\/wp-content\/uploads\/2024\/01\/CARLOS-C1-no-accessories-green-1536x1024.png 1536w, https:\/\/carlos.digiwox.eu\/wp-content\/uploads\/2024\/01\/CARLOS-C1-no-accessories-green-2048x1365.png 2048w\" sizes=\"(max-width: 800px) 100vw, 800px\" \/>\t\t\t\t\t\t\t\t\t\t\t\t\t\t\t<\/div>\n\t\t\t\t<\/div>\n\t\t\t\t\t<\/div>\n\t\t<\/div>\n\t\t\t\t<div class=\"elementor-column elementor-col-25 elementor-top-column elementor-element elementor-element-203accb3\" data-id=\"203accb3\" data-element_type=\"column\">\n\t\t\t<div class=\"elementor-widget-wrap elementor-element-populated\">\n\t\t\t\t\t\t\t\t<div class=\"elementor-element elementor-element-3a70fcd7 elementor-widget elementor-widget-image\" data-id=\"3a70fcd7\" data-element_type=\"widget\" data-widget_type=\"image.default\">\n\t\t\t\t<div class=\"elementor-widget-container\">\n\t\t\t\t\t\t\t\t\t\t\t\t\t\t\t<img decoding=\"async\" width=\"800\" height=\"534\" src=\"https:\/\/carlos.digiwox.eu\/wp-content\/uploads\/2024\/01\/CARLOS-C1-Two-Childseats-no-Copilot-green-1024x683.png\" class=\"attachment-large size-large wp-image-1353\" alt=\"\" srcset=\"https:\/\/carlos.digiwox.eu\/wp-content\/uploads\/2024\/01\/CARLOS-C1-Two-Childseats-no-Copilot-green-1024x683.png 1024w, https:\/\/carlos.digiwox.eu\/wp-content\/uploads\/2024\/01\/CARLOS-C1-Two-Childseats-no-Copilot-green-300x200.png 300w, https:\/\/carlos.digiwox.eu\/wp-content\/uploads\/2024\/01\/CARLOS-C1-Two-Childseats-no-Copilot-green-768x512.png 768w, https:\/\/carlos.digiwox.eu\/wp-content\/uploads\/2024\/01\/CARLOS-C1-Two-Childseats-no-Copilot-green-1536x1024.png 1536w, https:\/\/carlos.digiwox.eu\/wp-content\/uploads\/2024\/01\/CARLOS-C1-Two-Childseats-no-Copilot-green-2048x1365.png 2048w\" sizes=\"(max-width: 800px) 100vw, 800px\" \/>\t\t\t\t\t\t\t\t\t\t\t\t\t\t\t<\/div>\n\t\t\t\t<\/div>\n\t\t\t\t\t<\/div>\n\t\t<\/div>\n\t\t\t\t<div class=\"elementor-column elementor-col-25 elementor-top-column elementor-element elementor-element-74939af9\" data-id=\"74939af9\" data-element_type=\"column\">\n\t\t\t<div class=\"elementor-widget-wrap elementor-element-populated\">\n\t\t\t\t\t\t\t\t<div class=\"elementor-element elementor-element-1727471c elementor-widget elementor-widget-image\" data-id=\"1727471c\" data-element_type=\"widget\" data-widget_type=\"image.default\">\n\t\t\t\t<div class=\"elementor-widget-container\">\n\t\t\t\t\t\t\t\t\t\t\t\t\t\t\t<img decoding=\"async\" width=\"800\" height=\"534\" src=\"https:\/\/carlos.digiwox.eu\/wp-content\/uploads\/2024\/01\/CARLOS-C1-Rikscha-green-1024x683.png\" class=\"attachment-large size-large wp-image-1358\" alt=\"\" srcset=\"https:\/\/carlos.digiwox.eu\/wp-content\/uploads\/2024\/01\/CARLOS-C1-Rikscha-green-1024x683.png 1024w, https:\/\/carlos.digiwox.eu\/wp-content\/uploads\/2024\/01\/CARLOS-C1-Rikscha-green-300x200.png 300w, https:\/\/carlos.digiwox.eu\/wp-content\/uploads\/2024\/01\/CARLOS-C1-Rikscha-green-768x512.png 768w, https:\/\/carlos.digiwox.eu\/wp-content\/uploads\/2024\/01\/CARLOS-C1-Rikscha-green-1536x1024.png 1536w, https:\/\/carlos.digiwox.eu\/wp-content\/uploads\/2024\/01\/CARLOS-C1-Rikscha-green-2048x1365.png 2048w\" sizes=\"(max-width: 800px) 100vw, 800px\" \/>\t\t\t\t\t\t\t\t\t\t\t\t\t\t\t<\/div>\n\t\t\t\t<\/div>\n\t\t\t\t\t<\/div>\n\t\t<\/div>\n\t\t\t\t<div class=\"elementor-column elementor-col-25 elementor-top-column elementor-element elementor-element-6d906029\" data-id=\"6d906029\" data-element_type=\"column\">\n\t\t\t<div class=\"elementor-widget-wrap elementor-element-populated\">\n\t\t\t\t\t\t\t\t<div class=\"elementor-element elementor-element-6d7fa262 elementor-widget elementor-widget-image\" data-id=\"6d7fa262\" data-element_type=\"widget\" data-widget_type=\"image.default\">\n\t\t\t\t<div class=\"elementor-widget-container\">\n\t\t\t\t\t\t\t\t\t\t\t\t\t\t\t<img loading=\"lazy\" decoding=\"async\" width=\"800\" height=\"534\" src=\"https:\/\/carlos.digiwox.eu\/wp-content\/uploads\/2024\/01\/CARLOS-C1-full-kit-green-1024x683.png\" class=\"attachment-large size-large wp-image-1365\" alt=\"\" srcset=\"https:\/\/carlos.digiwox.eu\/wp-content\/uploads\/2024\/01\/CARLOS-C1-full-kit-green-1024x683.png 1024w, https:\/\/carlos.digiwox.eu\/wp-content\/uploads\/2024\/01\/CARLOS-C1-full-kit-green-300x200.png 300w, https:\/\/carlos.digiwox.eu\/wp-content\/uploads\/2024\/01\/CARLOS-C1-full-kit-green-768x512.png 768w, https:\/\/carlos.digiwox.eu\/wp-content\/uploads\/2024\/01\/CARLOS-C1-full-kit-green-1536x1024.png 1536w, https:\/\/carlos.digiwox.eu\/wp-content\/uploads\/2024\/01\/CARLOS-C1-full-kit-green-2048x1365.png 2048w\" sizes=\"(max-width: 800px) 100vw, 800px\" \/>\t\t\t\t\t\t\t\t\t\t\t\t\t\t\t<\/div>\n\t\t\t\t<\/div>\n\t\t\t\t\t<\/div>\n\t\t<\/div>\n\t\t\t\t\t\t\t<\/div>\n\t\t<\/section>\n\t\t\t\t\t\t\t<\/div>\n\t\t","protected":false},"excerpt":{"rendered":"<p>Ein eBike &#8211; viele M\u00f6glichkeiten Macht Dein Leben einfacher Die CAR.LOS Modelle C und M erh\u00e4lt Du in zwei Ausstattungsvarianten: FULL oder BASIC. Mit der vollausgestatteten Variante FULL erwirbst Du nicht einfach nur ein eBike. Nein. Du erh\u00e4ltst viele Ebikes. Denn Du kannst Dein CAR.LOS in zahllosen Varianten kombinieren. Dank des umfangreichsten Serien-Zubeh\u00f6r. Ab Werk.\u00a0 [&hellip;]<\/p>\n","protected":false},"author":1,"featured_media":0,"parent":0,"menu_order":0,"comment_status":"closed","ping_status":"closed","template":"","meta":{"footnotes":""},"_links":{"self":[{"href":"https:\/\/carlos.digiwox.eu\/index.php\/wp-json\/wp\/v2\/pages\/1286"}],"collection":[{"href":"https:\/\/carlos.digiwox.eu\/index.php\/wp-json\/wp\/v2\/pages"}],"about":[{"href":"https:\/\/carlos.digiwox.eu\/index.php\/wp-json\/wp\/v2\/types\/page"}],"author":[{"embeddable":true,"href":"https:\/\/carlos.digiwox.eu\/index.php\/wp-json\/wp\/v2\/users\/1"}],"replies":[{"embeddable":true,"href":"https:\/\/carlos.digiwox.eu\/index.php\/wp-json\/wp\/v2\/comments?post=1286"}],"version-history":[{"count":133,"href":"https:\/\/carlos.digiwox.eu\/index.php\/wp-json\/wp\/v2\/pages\/1286\/revisions"}],"predecessor-version":[{"id":2290,"href":"https:\/\/carlos.digiwox.eu\/index.php\/wp-json\/wp\/v2\/pages\/1286\/revisions\/2290"}],"wp:attachment":[{"href":"https:\/\/carlos.digiwox.eu\/index.php\/wp-json\/wp\/v2\/media?parent=1286"}],"curies":[{"name":"wp","href":"https:\/\/api.w.org\/{rel}","templated":true}]}}