{"id":1580,"date":"2024-01-04T14:52:01","date_gmt":"2024-01-04T14:52:01","guid":{"rendered":"http:\/\/carlos.digiwox.eu\/?page_id=1580"},"modified":"2024-01-07T14:11:38","modified_gmt":"2024-01-07T14:11:38","slug":"impressum","status":"publish","type":"page","link":"https:\/\/carlos.digiwox.eu\/index.php\/impressum\/","title":{"rendered":"Impressum"},"content":{"rendered":"\t\t<div data-elementor-type=\"wp-page\" data-elementor-id=\"1580\" class=\"elementor elementor-1580\" data-elementor-post-type=\"page\">\n\t\t\t\t\t\t\t\t\t<section class=\"elementor-section elementor-top-section elementor-element elementor-element-32c5e25 elementor-section-height-min-height elementor-section-boxed elementor-section-height-default elementor-section-items-middle\" data-id=\"32c5e25\" data-element_type=\"section\" data-settings=\"{&quot;background_background&quot;:&quot;classic&quot;}\">\n\t\t\t\t\t\t\t<div class=\"elementor-background-overlay\"><\/div>\n\t\t\t\t\t\t\t<div class=\"elementor-container elementor-column-gap-default\">\n\t\t\t\t\t<div class=\"elementor-column elementor-col-100 elementor-top-column elementor-element elementor-element-99a1cb5\" data-id=\"99a1cb5\" data-element_type=\"column\">\n\t\t\t<div class=\"elementor-widget-wrap elementor-element-populated\">\n\t\t\t\t\t\t\t\t<div class=\"elementor-element elementor-element-afc3780 elementor-widget elementor-widget-heading\" data-id=\"afc3780\" data-element_type=\"widget\" data-widget_type=\"heading.default\">\n\t\t\t\t<div class=\"elementor-widget-container\">\n\t\t\t<style>\/*! elementor - v3.18.0 - 08-12-2023 *\/\n.elementor-heading-title{padding:0;margin:0;line-height:1}.elementor-widget-heading .elementor-heading-title[class*=elementor-size-]>a{color:inherit;font-size:inherit;line-height:inherit}.elementor-widget-heading .elementor-heading-title.elementor-size-small{font-size:15px}.elementor-widget-heading .elementor-heading-title.elementor-size-medium{font-size:19px}.elementor-widget-heading .elementor-heading-title.elementor-size-large{font-size:29px}.elementor-widget-heading .elementor-heading-title.elementor-size-xl{font-size:39px}.elementor-widget-heading .elementor-heading-title.elementor-size-xxl{font-size:59px}<\/style><h2 class=\"elementor-heading-title elementor-size-default\">Impressum<\/h2>\t\t<\/div>\n\t\t\t\t<\/div>\n\t\t\t\t\t<\/div>\n\t\t<\/div>\n\t\t\t\t\t\t\t<\/div>\n\t\t<\/section>\n\t\t\t\t<section class=\"elementor-section elementor-top-section elementor-element elementor-element-2ebe13b elementor-section-boxed elementor-section-height-default elementor-section-height-default\" data-id=\"2ebe13b\" data-element_type=\"section\" data-settings=\"{&quot;background_background&quot;:&quot;classic&quot;}\">\n\t\t\t\t\t\t<div class=\"elementor-container elementor-column-gap-default\">\n\t\t\t\t\t<div class=\"elementor-column elementor-col-100 elementor-top-column elementor-element elementor-element-a8e2cfc\" data-id=\"a8e2cfc\" data-element_type=\"column\">\n\t\t\t<div class=\"elementor-widget-wrap elementor-element-populated\">\n\t\t\t\t\t\t\t\t<div class=\"elementor-element elementor-element-b263a80 elementor-widget elementor-widget-text-editor\" data-id=\"b263a80\" data-element_type=\"widget\" data-widget_type=\"text-editor.default\">\n\t\t\t\t<div class=\"elementor-widget-container\">\n\t\t\t<style>\/*! elementor - v3.18.0 - 08-12-2023 *\/\n.elementor-widget-text-editor.elementor-drop-cap-view-stacked .elementor-drop-cap{background-color:#69727d;color:#fff}.elementor-widget-text-editor.elementor-drop-cap-view-framed .elementor-drop-cap{color:#69727d;border:3px solid;background-color:transparent}.elementor-widget-text-editor:not(.elementor-drop-cap-view-default) .elementor-drop-cap{margin-top:8px}.elementor-widget-text-editor:not(.elementor-drop-cap-view-default) .elementor-drop-cap-letter{width:1em;height:1em}.elementor-widget-text-editor .elementor-drop-cap{float:left;text-align:center;line-height:1;font-size:50px}.elementor-widget-text-editor .elementor-drop-cap-letter{display:inline-block}<\/style>\t\t\t\t<p><strong>IMPRESSUM<\/strong><\/p><p><strong>\u00a0<\/strong><\/p><p><strong>Angaben gem\u00e4\u00df \u00a7 <\/strong><strong>5 TMG<\/strong><\/p><p>CARLOS Mobility ist eine Marke der<br \/>FUMO (Future Mobility) Europe GmbH<br \/>Handelsregister: HRB 282402<br \/>Registergericht: M\u00fcnchen<\/p><p><strong>\u00a0<\/strong><\/p><p><strong>Vertreten durch<\/strong><\/p><p>Gesch\u00e4ftsf\u00fchrer: Herr Stephan Hahn<br \/>Prokura: Herr Wolfgang Steger<\/p><p><strong>\u00a0<\/strong><\/p><p><strong>Kontakt<\/strong><\/p><p>FUMO (Future Mobility) Europe GmbH<br \/>Heimeranstra\u00dfe 35<br \/>80339 M\u00fcnchen<br \/><a href=\"mailto:ride@carlosmobility.com\">ride@carlosmobility.com<\/a><\/p><p><strong>\u00a0<\/strong><\/p><p><strong>Umsatzsteuer-ID<\/strong><\/p><p>Umsatzsteuer-Identifikationsnummer gem\u00e4\u00df \u00a7 27 a Umsatzsteuergesetz:<\/p><p>XXXXXXXX<\/p><p>\u00a0<\/p><p><strong>VAT ID<\/strong><br \/>Umsatzsteuer83043125<\/p><p>\u00a0<\/p><p><strong>Verantwortlich f<\/strong><strong>\u00fc<\/strong><strong>r den Inhalt<\/strong><br \/>FUMO (Future Mobility) Europe GmbH<\/p><p><strong>\u00a0<\/strong><\/p><p><strong>EU-Streitschlichtung<\/strong><\/p><p>Die Europ\u00e4ische Kommission stellt eine Plattform zur Online-Streitbeilegung (OS) bereit: <a href=\"https:\/\/ec.europa.eu\/consumers\/odr\">https:\/\/ec.europa.eu\/consumers\/odr<\/a><br \/>Unsere E-Mail-Adresse finden Sie oben im Impressum.<\/p><p><strong>\u00a0<\/strong><\/p><p><strong>Hinweis zur Verbraucherstreitbeilegung<\/strong><\/p><p>Wir sind weder verpflichtet noch bereit, an einer au\u00dfergerichtlichen Streitbeilegung vor einer Verbraucherschlichtungsstelle teilzunehmen.<br \/>Eine Liste der verschiedenen Verbraucherschlichtungsstellen, und damit die f\u00fcr Sie zust\u00e4ndige Stelle, k\u00f6nnen Sie auf den Webseiten des Bundesjustizamtes herausfinden:<br \/><a href=\"https:\/\/www.bundesjustizamt.de\/DE\/Themen\/Buergerdienste\/Verbraucherstreitbeilegung\/Verbraucherschlichtungsstellen\/Uebersicht_node.html\">https:\/\/www.bundesjustizamt.de\/DE\/Themen\/Buergerdienste\/Verbraucherstreitbeilegung\/Verbraucherschlichtungsstellen\/Uebersicht_node.html<\/a><\/p><p><strong>\u00a0<\/strong><\/p><p><strong>Haftung f<\/strong><strong>\u00fc<\/strong><strong>r Inhalte<\/strong><\/p><p>Als Diensteanbieter sind wir gem\u00e4\u00df \u00a7 7 Abs.1 TMG f\u00fcr eigene Inhalte auf diesen Seiten nach den allgemeinen Gesetzen verantwortlich. Nach \u00a7\u00a7 8 bis 10 TMG sind wir als Diensteanbieter jedoch nicht verpflichtet, \u00fcbermittelte oder gespeicherte fremde Informationen zu \u00fcberwachen oder nach Umst\u00e4nden zu forschen, die auf eine rechtswidrige T\u00e4tigkeit hinweisen. Verpflichtungen zur Entfernung oder Sperrung der Nutzung von Informationen nach den allgemeinen Gesetzen bleiben hiervon unber\u00fchrt. Eine diesbez\u00fcgliche Haftung ist jedoch erst ab dem Zeitpunkt der Kenntnis einer konkreten Rechtsverletzung m\u00f6glich. Bei Bekanntwerden von entsprechenden Rechtsverletzungen werden wir diese Inhalte umgehend entfernen.<\/p><p><strong>\u00a0<\/strong><\/p><p><strong>Urheberrecht<\/strong><\/p><p>Die durch die Seitenbetreiber erstellten Inhalte und Werke auf diesen Seiten unterliegen dem deutschen Urheberrecht. Die Vervielf\u00e4ltigung, Bearbeitung, Verbreitung und jede Art der Verwertung au\u00dferhalb der Grenzen des Urheberrechtes bed\u00fcrfen der schriftlichen Zustimmung des jeweiligen Autors bzw. Erstellers. Downloads und Kopien dieser Seite sind nur f\u00fcr den privaten, nicht kommerziellen Gebrauch gestattet.<\/p>\t\t\t\t\t\t<\/div>\n\t\t\t\t<\/div>\n\t\t\t\t\t<\/div>\n\t\t<\/div>\n\t\t\t\t\t\t\t<\/div>\n\t\t<\/section>\n\t\t\t\t\t\t\t<\/div>\n\t\t","protected":false},"excerpt":{"rendered":"<p>Impressum IMPRESSUM \u00a0 Angaben gem\u00e4\u00df \u00a7 5 TMG CARLOS Mobility ist eine Marke derFUMO (Future Mobility) Europe GmbHHandelsregister: HRB 282402Registergericht: M\u00fcnchen \u00a0 Vertreten durch Gesch\u00e4ftsf\u00fchrer: Herr Stephan HahnProkura: Herr Wolfgang Steger \u00a0 Kontakt FUMO (Future Mobility) Europe GmbHHeimeranstra\u00dfe 3580339 M\u00fcnchenride@carlosmobility.com \u00a0 Umsatzsteuer-ID Umsatzsteuer-Identifikationsnummer gem\u00e4\u00df \u00a7 27 a Umsatzsteuergesetz: XXXXXXXX \u00a0 VAT IDUmsatzsteuer83043125 \u00a0 Verantwortlich f\u00fcr [&hellip;]<\/p>\n","protected":false},"author":1,"featured_media":0,"parent":0,"menu_order":0,"comment_status":"closed","ping_status":"closed","template":"","meta":{"footnotes":""},"_links":{"self":[{"href":"https:\/\/carlos.digiwox.eu\/index.php\/wp-json\/wp\/v2\/pages\/1580"}],"collection":[{"href":"https:\/\/carlos.digiwox.eu\/index.php\/wp-json\/wp\/v2\/pages"}],"about":[{"href":"https:\/\/carlos.digiwox.eu\/index.php\/wp-json\/wp\/v2\/types\/page"}],"author":[{"embeddable":true,"href":"https:\/\/carlos.digiwox.eu\/index.php\/wp-json\/wp\/v2\/users\/1"}],"replies":[{"embeddable":true,"href":"https:\/\/carlos.digiwox.eu\/index.php\/wp-json\/wp\/v2\/comments?post=1580"}],"version-history":[{"count":19,"href":"https:\/\/carlos.digiwox.eu\/index.php\/wp-json\/wp\/v2\/pages\/1580\/revisions"}],"predecessor-version":[{"id":2182,"href":"https:\/\/carlos.digiwox.eu\/index.php\/wp-json\/wp\/v2\/pages\/1580\/revisions\/2182"}],"wp:attachment":[{"href":"https:\/\/carlos.digiwox.eu\/index.php\/wp-json\/wp\/v2\/media?parent=1580"}],"curies":[{"name":"wp","href":"https:\/\/api.w.org\/{rel}","templated":true}]}}